{"id":2014,"date":"2024-01-01T09:00:01","date_gmt":"2024-01-01T08:00:01","guid":{"rendered":"https:\/\/maniglobalindustries.ch\/?page_id=2014"},"modified":"2024-01-15T08:53:23","modified_gmt":"2024-01-15T07:53:23","slug":"wieso-wir","status":"publish","type":"page","link":"https:\/\/maniglobalindustries.ch\/en\/wieso-wir\/","title":{"rendered":"Why us"},"content":{"rendered":"\t\t<div data-elementor-type=\"wp-page\" data-elementor-id=\"2014\" class=\"elementor elementor-2014\" data-elementor-post-type=\"page\">\n\t\t\t\t<div class=\"elementor-element elementor-element-afff2fd e-con-full e-flex e-con e-parent\" data-id=\"afff2fd\" data-element_type=\"container\" data-e-type=\"container\">\n\t\t<div class=\"elementor-element elementor-element-f5c74da e-con-full e-flex e-con e-child\" data-id=\"f5c74da\" data-element_type=\"container\" data-e-type=\"container\">\n\t\t<div class=\"elementor-element elementor-element-a0a617f e-flex e-con-boxed e-con e-child\" data-id=\"a0a617f\" data-element_type=\"container\" data-e-type=\"container\" data-settings=\"{&quot;background_background&quot;:&quot;classic&quot;,&quot;shape_divider_bottom&quot;:&quot;tilt&quot;}\">\n\t\t\t\t\t<div class=\"e-con-inner\">\n\t\t\t\t<div class=\"elementor-shape elementor-shape-bottom\" aria-hidden=\"true\" data-negative=\"false\">\n\t\t\t<svg xmlns=\"http:\/\/www.w3.org\/2000\/svg\" viewBox=\"0 0 1000 100\" preserveAspectRatio=\"none\">\n\t<path class=\"elementor-shape-fill\" d=\"M0,6V0h1000v100L0,6z\"\/>\n<\/svg>\t\t<\/div>\n\t\t<div class=\"elementor-element elementor-element-b495303 e-flex e-con-boxed e-con e-child\" data-id=\"b495303\" data-element_type=\"container\" data-e-type=\"container\" data-settings=\"{&quot;motion_fx_motion_fx_scrolling&quot;:&quot;yes&quot;,&quot;motion_fx_translateY_effect&quot;:&quot;yes&quot;,&quot;motion_fx_translateY_speed&quot;:{&quot;unit&quot;:&quot;px&quot;,&quot;size&quot;:0.5,&quot;sizes&quot;:[]},&quot;motion_fx_translateY_affectedRange&quot;:{&quot;unit&quot;:&quot;%&quot;,&quot;size&quot;:&quot;&quot;,&quot;sizes&quot;:{&quot;start&quot;:0,&quot;end&quot;:100}},&quot;motion_fx_devices&quot;:[&quot;widescreen&quot;,&quot;desktop&quot;,&quot;tablet_extra&quot;,&quot;tablet&quot;,&quot;mobile&quot;]}\">\n\t\t\t\t\t<div class=\"e-con-inner\">\n\t\t\t\t<div class=\"elementor-element elementor-element-f9781ed elementor-invisible elementor-widget elementor-widget-image\" data-id=\"f9781ed\" data-element_type=\"widget\" data-e-type=\"widget\" data-settings=\"{&quot;_animation&quot;:&quot;fadeInUp&quot;}\" data-widget_type=\"image.default\">\n\t\t\t\t<div class=\"elementor-widget-container\">\n\t\t\t\t\t\t\t\t\t\t\t\t\t\t\t<img decoding=\"async\" width=\"373\" height=\"54\" src=\"https:\/\/maniglobalindustries.ch\/wp-content\/uploads\/MGI_BAR_RED_RGB.svg\" class=\"attachment-full size-full wp-image-1986\" alt=\"MGI Red Bar\" \/>\t\t\t\t\t\t\t\t\t\t\t\t\t\t\t<\/div>\n\t\t\t\t<\/div>\n\t\t\t\t<div class=\"elementor-element elementor-element-7a42bc6 elementor-invisible elementor-widget elementor-widget-heading\" data-id=\"7a42bc6\" data-element_type=\"widget\" data-e-type=\"widget\" data-settings=\"{&quot;_animation&quot;:&quot;fadeInUp&quot;}\" data-widget_type=\"heading.default\">\n\t\t\t\t<div class=\"elementor-widget-container\">\n\t\t\t\t\t<h2 class=\"elementor-heading-title elementor-size-default\">MANI Global Industries GmbH<\/h2>\t\t\t\t<\/div>\n\t\t\t\t<\/div>\n\t\t\t\t<div class=\"elementor-element elementor-element-fb8c4af elementor-invisible elementor-widget elementor-widget-heading\" data-id=\"fb8c4af\" data-element_type=\"widget\" data-e-type=\"widget\" data-settings=\"{&quot;_animation&quot;:&quot;fadeInDown&quot;}\" data-widget_type=\"heading.default\">\n\t\t\t\t<div class=\"elementor-widget-container\">\n\t\t\t\t\t<h1 class=\"elementor-heading-title elementor-size-default\">Wieso wir<\/h1>\t\t\t\t<\/div>\n\t\t\t\t<\/div>\n\t\t\t\t\t<\/div>\n\t\t\t\t<\/div>\n\t\t\t\t\t<\/div>\n\t\t\t\t<\/div>\n\t\t<div class=\"elementor-element elementor-element-b0b852b e-flex e-con-boxed e-con e-child\" data-id=\"b0b852b\" data-element_type=\"container\" data-e-type=\"container\" data-settings=\"{&quot;background_background&quot;:&quot;classic&quot;}\">\n\t\t\t\t\t<div class=\"e-con-inner\">\n\t\t<div class=\"elementor-element elementor-element-c456c4a e-flex e-con-boxed e-con e-child\" data-id=\"c456c4a\" data-element_type=\"container\" data-e-type=\"container\" data-settings=\"{&quot;motion_fx_motion_fx_scrolling&quot;:&quot;yes&quot;,&quot;motion_fx_translateY_effect&quot;:&quot;yes&quot;,&quot;motion_fx_translateY_speed&quot;:{&quot;unit&quot;:&quot;px&quot;,&quot;size&quot;:0.5,&quot;sizes&quot;:[]},&quot;motion_fx_translateY_affectedRange&quot;:{&quot;unit&quot;:&quot;%&quot;,&quot;size&quot;:&quot;&quot;,&quot;sizes&quot;:{&quot;start&quot;:0,&quot;end&quot;:100}},&quot;motion_fx_devices&quot;:[&quot;widescreen&quot;,&quot;desktop&quot;,&quot;tablet_extra&quot;,&quot;tablet&quot;,&quot;mobile&quot;]}\">\n\t\t\t\t\t<div class=\"e-con-inner\">\n\t\t\t\t<div class=\"elementor-element elementor-element-68fbe43 elementor-widget elementor-widget-text-editor\" data-id=\"68fbe43\" data-element_type=\"widget\" data-e-type=\"widget\" data-widget_type=\"text-editor.default\">\n\t\t\t\t<div class=\"elementor-widget-container\">\n\t\t\t\t\t\t\t\t\t<p>\u00dcber 50 Jahre Erfahrung in der Industrie<\/p>\t\t\t\t\t\t\t\t<\/div>\n\t\t\t\t<\/div>\n\t\t\t\t<div class=\"elementor-element elementor-element-ff52dca elementor-invisible elementor-widget elementor-widget-text-editor\" data-id=\"ff52dca\" data-element_type=\"widget\" data-e-type=\"widget\" data-settings=\"{&quot;_animation&quot;:&quot;fadeIn&quot;,&quot;_animation_delay&quot;:600}\" data-widget_type=\"text-editor.default\">\n\t\t\t\t<div class=\"elementor-widget-container\">\n\t\t\t\t\t\t\t\t\t<p>Setzen Sie auf unsere St\u00e4rke aus der Kombination von Wissen, Erfahrung und Umsetzung.<\/p>\t\t\t\t\t\t\t\t<\/div>\n\t\t\t\t<\/div>\n\t\t\t\t<div class=\"elementor-element elementor-element-18b557f elementor-position-inline-start elementor-mobile-position-inline-start elementor-view-default elementor-invisible elementor-widget elementor-widget-icon-box\" data-id=\"18b557f\" data-element_type=\"widget\" data-e-type=\"widget\" data-settings=\"{&quot;_animation&quot;:&quot;fadeInUp&quot;}\" data-widget_type=\"icon-box.default\">\n\t\t\t\t<div class=\"elementor-widget-container\">\n\t\t\t\t\t\t\t<div class=\"elementor-icon-box-wrapper\">\n\n\t\t\t\t\t\t<div class=\"elementor-icon-box-icon\">\n\t\t\t\t<span  class=\"elementor-icon\">\n\t\t\t\t<svg aria-hidden=\"true\" class=\"e-font-icon-svg e-fas-chevron-circle-right\" viewBox=\"0 0 512 512\" xmlns=\"http:\/\/www.w3.org\/2000\/svg\"><path d=\"M256 8c137 0 248 111 248 248S393 504 256 504 8 393 8 256 119 8 256 8zm113.9 231L234.4 103.5c-9.4-9.4-24.6-9.4-33.9 0l-17 17c-9.4 9.4-9.4 24.6 0 33.9L285.1 256 183.5 357.6c-9.4 9.4-9.4 24.6 0 33.9l17 17c9.4 9.4 24.6 9.4 33.9 0L369.9 273c9.4-9.4 9.4-24.6 0-34z\"><\/path><\/svg>\t\t\t\t<\/span>\n\t\t\t<\/div>\n\t\t\t\n\t\t\t\t\t\t<div class=\"elementor-icon-box-content\">\n\n\t\t\t\t\t\t\t\t\t<h3 class=\"elementor-icon-box-title\">\n\t\t\t\t\t\t<span  >\n\t\t\t\t\t\t\tSie suchen f\u00fcr Ihr Bauteil einen passenden Lieferanten im Ausland?\t\t\t\t\t\t<\/span>\n\t\t\t\t\t<\/h3>\n\t\t\t\t\n\t\t\t\t\n\t\t\t<\/div>\n\t\t\t\n\t\t<\/div>\n\t\t\t\t\t\t<\/div>\n\t\t\t\t<\/div>\n\t\t\t\t<div class=\"elementor-element elementor-element-224af1d elementor-position-inline-start elementor-mobile-position-inline-start elementor-view-default elementor-invisible elementor-widget elementor-widget-icon-box\" data-id=\"224af1d\" data-element_type=\"widget\" data-e-type=\"widget\" data-settings=\"{&quot;_animation&quot;:&quot;fadeInUp&quot;,&quot;_animation_delay&quot;:200}\" data-widget_type=\"icon-box.default\">\n\t\t\t\t<div class=\"elementor-widget-container\">\n\t\t\t\t\t\t\t<div class=\"elementor-icon-box-wrapper\">\n\n\t\t\t\t\t\t<div class=\"elementor-icon-box-icon\">\n\t\t\t\t<span  class=\"elementor-icon\">\n\t\t\t\t<svg aria-hidden=\"true\" class=\"e-font-icon-svg e-fas-chevron-circle-right\" viewBox=\"0 0 512 512\" xmlns=\"http:\/\/www.w3.org\/2000\/svg\"><path d=\"M256 8c137 0 248 111 248 248S393 504 256 504 8 393 8 256 119 8 256 8zm113.9 231L234.4 103.5c-9.4-9.4-24.6-9.4-33.9 0l-17 17c-9.4 9.4-9.4 24.6 0 33.9L285.1 256 183.5 357.6c-9.4 9.4-9.4 24.6 0 33.9l17 17c9.4 9.4 24.6 9.4 33.9 0L369.9 273c9.4-9.4 9.4-24.6 0-34z\"><\/path><\/svg>\t\t\t\t<\/span>\n\t\t\t<\/div>\n\t\t\t\n\t\t\t\t\t\t<div class=\"elementor-icon-box-content\">\n\n\t\t\t\t\t\t\t\t\t<h3 class=\"elementor-icon-box-title\">\n\t\t\t\t\t\t<span  >\n\t\t\t\t\t\t\tSie w\u00fcnschen einen Kostenvergleich?\t\t\t\t\t\t<\/span>\n\t\t\t\t\t<\/h3>\n\t\t\t\t\n\t\t\t\t\n\t\t\t<\/div>\n\t\t\t\n\t\t<\/div>\n\t\t\t\t\t\t<\/div>\n\t\t\t\t<\/div>\n\t\t\t\t<div class=\"elementor-element elementor-element-1fca668 elementor-position-inline-start elementor-mobile-position-inline-start elementor-view-default elementor-invisible elementor-widget elementor-widget-icon-box\" data-id=\"1fca668\" data-element_type=\"widget\" data-e-type=\"widget\" data-settings=\"{&quot;_animation&quot;:&quot;fadeInUp&quot;,&quot;_animation_delay&quot;:400}\" data-widget_type=\"icon-box.default\">\n\t\t\t\t<div class=\"elementor-widget-container\">\n\t\t\t\t\t\t\t<div class=\"elementor-icon-box-wrapper\">\n\n\t\t\t\t\t\t<div class=\"elementor-icon-box-icon\">\n\t\t\t\t<span  class=\"elementor-icon\">\n\t\t\t\t<svg aria-hidden=\"true\" class=\"e-font-icon-svg e-fas-chevron-circle-right\" viewBox=\"0 0 512 512\" xmlns=\"http:\/\/www.w3.org\/2000\/svg\"><path d=\"M256 8c137 0 248 111 248 248S393 504 256 504 8 393 8 256 119 8 256 8zm113.9 231L234.4 103.5c-9.4-9.4-24.6-9.4-33.9 0l-17 17c-9.4 9.4-9.4 24.6 0 33.9L285.1 256 183.5 357.6c-9.4 9.4-9.4 24.6 0 33.9l17 17c9.4 9.4 24.6 9.4 33.9 0L369.9 273c9.4-9.4 9.4-24.6 0-34z\"><\/path><\/svg>\t\t\t\t<\/span>\n\t\t\t<\/div>\n\t\t\t\n\t\t\t\t\t\t<div class=\"elementor-icon-box-content\">\n\n\t\t\t\t\t\t\t\t\t<h3 class=\"elementor-icon-box-title\">\n\t\t\t\t\t\t<span  >\n\t\t\t\t\t\t\tSie m\u00f6chten Ihre Einkaufsabteilung entlasten?\t\t\t\t\t\t<\/span>\n\t\t\t\t\t<\/h3>\n\t\t\t\t\n\t\t\t\t\n\t\t\t<\/div>\n\t\t\t\n\t\t<\/div>\n\t\t\t\t\t\t<\/div>\n\t\t\t\t<\/div>\n\t\t\t\t<div class=\"elementor-element elementor-element-8849c8f elementor-invisible elementor-widget elementor-widget-text-editor\" data-id=\"8849c8f\" data-element_type=\"widget\" data-e-type=\"widget\" data-settings=\"{&quot;_animation&quot;:&quot;fadeIn&quot;,&quot;_animation_delay&quot;:600}\" data-widget_type=\"text-editor.default\">\n\t\t\t\t<div class=\"elementor-widget-container\">\n\t\t\t\t\t\t\t\t\t<p>Unser Netzwerk ist ein Marktplatz f\u00fcr die Beschaffung von Bauteilen, Baugruppen und externen Dienstleistungen wie beispielsweise das Engineering von Mechanik, Soft- und Hardware. Gerne unterst\u00fctzen wir Sie dabei, die f\u00fcr Sie passende Beschaffungsl\u00f6sung zu finden. Mit unserer langj\u00e4hrigen Erfahrung und unserem breit aufgestellten Netzwerk an Lieferanten \u00fcbernehmen wir f\u00fcr Sie die Lieferantensuche und die globale Beschaffung. In jedem Fall liegt der Fokus dabei stets auf dem Kostenbewusstsein, der Qualit\u00e4t und der Zuverl\u00e4ssigkeit.<\/p>\t\t\t\t\t\t\t\t<\/div>\n\t\t\t\t<\/div>\n\t\t\t\t\t<\/div>\n\t\t\t\t<\/div>\n\t\t<div class=\"elementor-element elementor-element-eee15f9 e-flex e-con-boxed elementor-invisible e-con e-child\" data-id=\"eee15f9\" data-element_type=\"container\" data-e-type=\"container\" data-settings=\"{&quot;motion_fx_motion_fx_scrolling&quot;:&quot;yes&quot;,&quot;motion_fx_translateY_effect&quot;:&quot;yes&quot;,&quot;motion_fx_translateY_speed&quot;:{&quot;unit&quot;:&quot;px&quot;,&quot;size&quot;:0.5,&quot;sizes&quot;:[]},&quot;animation&quot;:&quot;fadeIn&quot;,&quot;animation_delay&quot;:400,&quot;motion_fx_translateY_affectedRange&quot;:{&quot;unit&quot;:&quot;%&quot;,&quot;size&quot;:&quot;&quot;,&quot;sizes&quot;:{&quot;start&quot;:0,&quot;end&quot;:100}},&quot;motion_fx_devices&quot;:[&quot;widescreen&quot;,&quot;desktop&quot;,&quot;tablet_extra&quot;,&quot;tablet&quot;,&quot;mobile&quot;]}\">\n\t\t\t\t\t<div class=\"e-con-inner\">\n\t\t\t\t<div class=\"elementor-element elementor-element-b3c60f3 elementor-widget__width-inherit elementor-widget elementor-widget-eael-progress-bar\" data-id=\"b3c60f3\" data-element_type=\"widget\" data-e-type=\"widget\" data-widget_type=\"eael-progress-bar.default\">\n\t\t\t\t<div class=\"elementor-widget-container\">\n\t\t\t\t\t<div class=\"eael-progressbar-circle-container center\">\n                \n            \n                <div class=\"eael-progressbar eael-progressbar-circle\" data-layout=\"circle\" data-count=\"100\" data-duration=\"1500\">\n                    <div class=\"eael-progressbar-circle-pie\">\n                        <div class=\"eael-progressbar-circle-half-left eael-progressbar-circle-half\"><\/div>\n                        <div class=\"eael-progressbar-circle-half-right eael-progressbar-circle-half\"><\/div>\n                    <\/div>\n                    <div class=\"eael-progressbar-circle-inner\"><\/div>\n                    <div class=\"eael-progressbar-circle-inner-content\">\n                        <div class=\"eael-progressbar-title\">Kostenbewusstsein<\/div>\n                        <span class=\"eael-progressbar-count-wrap\"><span class=\"eael-progressbar-count\">0<\/span><span class=\"postfix\">%<\/span><\/span>\n                    <\/div>\n                <\/div>\n\n                \n            <\/div>\t\t\t\t<\/div>\n\t\t\t\t<\/div>\n\t\t\t\t<div class=\"elementor-element elementor-element-f599183 elementor-widget__width-inherit elementor-widget elementor-widget-eael-progress-bar\" data-id=\"f599183\" data-element_type=\"widget\" data-e-type=\"widget\" data-widget_type=\"eael-progress-bar.default\">\n\t\t\t\t<div class=\"elementor-widget-container\">\n\t\t\t\t\t<div class=\"eael-progressbar-circle-container center\">\n                \n            \n                <div class=\"eael-progressbar eael-progressbar-circle\" data-layout=\"circle\" data-count=\"150\" data-duration=\"1800\">\n                    <div class=\"eael-progressbar-circle-pie\">\n                        <div class=\"eael-progressbar-circle-half-left eael-progressbar-circle-half\"><\/div>\n                        <div class=\"eael-progressbar-circle-half-right eael-progressbar-circle-half\"><\/div>\n                    <\/div>\n                    <div class=\"eael-progressbar-circle-inner\"><\/div>\n                    <div class=\"eael-progressbar-circle-inner-content\">\n                        <div class=\"eael-progressbar-title\">Qualit\u00e4tsbewusstsein<\/div>\n                        <span class=\"eael-progressbar-count-wrap\"><span class=\"eael-progressbar-count\">0<\/span><span class=\"postfix\">%<\/span><\/span>\n                    <\/div>\n                <\/div>\n\n                \n            <\/div>\t\t\t\t<\/div>\n\t\t\t\t<\/div>\n\t\t\t\t<div class=\"elementor-element elementor-element-ddf849a elementor-widget__width-inherit elementor-widget elementor-widget-eael-progress-bar\" data-id=\"ddf849a\" data-element_type=\"widget\" data-e-type=\"widget\" data-widget_type=\"eael-progress-bar.default\">\n\t\t\t\t<div class=\"elementor-widget-container\">\n\t\t\t\t\t<div class=\"eael-progressbar-circle-container center\">\n                \n            \n                <div class=\"eael-progressbar eael-progressbar-circle\" data-layout=\"circle\" data-count=\"100\" data-duration=\"2100\">\n                    <div class=\"eael-progressbar-circle-pie\">\n                        <div class=\"eael-progressbar-circle-half-left eael-progressbar-circle-half\"><\/div>\n                        <div class=\"eael-progressbar-circle-half-right eael-progressbar-circle-half\"><\/div>\n                    <\/div>\n                    <div class=\"eael-progressbar-circle-inner\"><\/div>\n                    <div class=\"eael-progressbar-circle-inner-content\">\n                        <div class=\"eael-progressbar-title\">Zuverl\u00e4ssigkeit<\/div>\n                        <span class=\"eael-progressbar-count-wrap\"><span class=\"eael-progressbar-count\">0<\/span><span class=\"postfix\">%<\/span><\/span>\n                    <\/div>\n                <\/div>\n\n                \n            <\/div>\t\t\t\t<\/div>\n\t\t\t\t<\/div>\n\t\t\t\t\t<\/div>\n\t\t\t\t<\/div>\n\t\t\t\t\t<\/div>\n\t\t\t\t<\/div>\n\t\t\t\t<\/div>\n\t\t\t\t<\/div>\n\t\t\t\t<\/div>\n\t\t","protected":false},"excerpt":{"rendered":"<p>MANI Global Industries GmbH Wieso wir \u00dcber 50 Jahre Erfahrung in der Industrie Setzen Sie auf unsere St\u00e4rke aus der Kombination von Wissen, Erfahrung und Umsetzung. Sie suchen f\u00fcr Ihr Bauteil einen passenden Lieferanten im Ausland? Sie w\u00fcnschen einen Kostenvergleich? Sie m\u00f6chten Ihre Einkaufsabteilung entlasten? Unser Netzwerk ist ein Marktplatz f\u00fcr die Beschaffung von Bauteilen, [&hellip;]<\/p>\n","protected":false},"author":1,"featured_media":1129,"parent":0,"menu_order":0,"comment_status":"closed","ping_status":"closed","template":"","meta":{"footnotes":""},"class_list":["post-2014","page","type-page","status-publish","has-post-thumbnail","hentry"],"yoast_head":"<!-- This site is optimized with the Yoast SEO plugin v27.4 - https:\/\/yoast.com\/product\/yoast-seo-wordpress\/ -->\n<title>Wieso wir | MANI Global Industries GmbH<\/title>\n<meta name=\"description\" content=\"Wieso wir \u2022 Die offizielle Webseite von MANI Global Industries GmbH. Globales Netzwerk an Lieferanten f\u00fcr Ihr Beschaffungsprojekt.\" \/>\n<meta name=\"robots\" content=\"index, follow, max-snippet:-1, max-image-preview:large, max-video-preview:-1\" \/>\n<link rel=\"canonical\" href=\"https:\/\/maniglobalindustries.ch\/en\/wieso-wir\/\" \/>\n<meta property=\"og:locale\" content=\"en_US\" \/>\n<meta property=\"og:type\" content=\"article\" \/>\n<meta property=\"og:title\" content=\"Wieso wir | MANI Global Industries GmbH\" \/>\n<meta property=\"og:description\" content=\"Wieso wir \u2022 Die offizielle Webseite von MANI Global Industries GmbH. Globales Netzwerk an Lieferanten f\u00fcr Ihr Beschaffungsprojekt.\" \/>\n<meta property=\"og:url\" content=\"https:\/\/maniglobalindustries.ch\/en\/wieso-wir\/\" \/>\n<meta property=\"og:site_name\" content=\"MANI Global Industries GmbH\" \/>\n<meta property=\"article:modified_time\" content=\"2024-01-15T07:53:23+00:00\" \/>\n<meta name=\"twitter:card\" content=\"summary_large_image\" \/>\n<meta name=\"twitter:label1\" content=\"Est. reading time\" \/>\n\t<meta name=\"twitter:data1\" content=\"2 minutes\" \/>\n<script type=\"application\/ld+json\" class=\"yoast-schema-graph\">{\"@context\":\"https:\\\/\\\/schema.org\",\"@graph\":[{\"@type\":\"WebPage\",\"@id\":\"https:\\\/\\\/maniglobalindustries.ch\\\/wieso-wir\\\/\",\"url\":\"https:\\\/\\\/maniglobalindustries.ch\\\/wieso-wir\\\/\",\"name\":\"Wieso wir | MANI Global Industries GmbH\",\"isPartOf\":{\"@id\":\"https:\\\/\\\/maniglobalindustries.ch\\\/#website\"},\"primaryImageOfPage\":{\"@id\":\"https:\\\/\\\/maniglobalindustries.ch\\\/wieso-wir\\\/#primaryimage\"},\"image\":{\"@id\":\"https:\\\/\\\/maniglobalindustries.ch\\\/wieso-wir\\\/#primaryimage\"},\"thumbnailUrl\":\"https:\\\/\\\/maniglobalindustries.ch\\\/wp-content\\\/uploads\\\/Logo_MGI_dark.svg\",\"datePublished\":\"2024-01-01T08:00:01+00:00\",\"dateModified\":\"2024-01-15T07:53:23+00:00\",\"description\":\"Wieso wir \u2022 Die offizielle Webseite von MANI Global Industries GmbH. Globales Netzwerk an Lieferanten f\u00fcr Ihr Beschaffungsprojekt.\",\"breadcrumb\":{\"@id\":\"https:\\\/\\\/maniglobalindustries.ch\\\/wieso-wir\\\/#breadcrumb\"},\"inLanguage\":\"en-US\",\"potentialAction\":[{\"@type\":\"ReadAction\",\"target\":[\"https:\\\/\\\/maniglobalindustries.ch\\\/wieso-wir\\\/\"]}]},{\"@type\":\"ImageObject\",\"inLanguage\":\"en-US\",\"@id\":\"https:\\\/\\\/maniglobalindustries.ch\\\/wieso-wir\\\/#primaryimage\",\"url\":\"https:\\\/\\\/maniglobalindustries.ch\\\/wp-content\\\/uploads\\\/Logo_MGI_dark.svg\",\"contentUrl\":\"https:\\\/\\\/maniglobalindustries.ch\\\/wp-content\\\/uploads\\\/Logo_MGI_dark.svg\",\"width\":566,\"height\":566,\"caption\":\"Logo MANI Global Industries GmbH\"},{\"@type\":\"BreadcrumbList\",\"@id\":\"https:\\\/\\\/maniglobalindustries.ch\\\/wieso-wir\\\/#breadcrumb\",\"itemListElement\":[{\"@type\":\"ListItem\",\"position\":1,\"name\":\"Startseite\",\"item\":\"https:\\\/\\\/maniglobalindustries.ch\\\/\"},{\"@type\":\"ListItem\",\"position\":2,\"name\":\"Wieso wir\"}]},{\"@type\":\"WebSite\",\"@id\":\"https:\\\/\\\/maniglobalindustries.ch\\\/#website\",\"url\":\"https:\\\/\\\/maniglobalindustries.ch\\\/\",\"name\":\"MANI Global Industries GmbH\",\"description\":\"Das Netzwerk f\u00fcr Beschaffungsprojekte\",\"publisher\":{\"@id\":\"https:\\\/\\\/maniglobalindustries.ch\\\/#organization\"},\"potentialAction\":[{\"@type\":\"SearchAction\",\"target\":{\"@type\":\"EntryPoint\",\"urlTemplate\":\"https:\\\/\\\/maniglobalindustries.ch\\\/?s={search_term_string}\"},\"query-input\":{\"@type\":\"PropertyValueSpecification\",\"valueRequired\":true,\"valueName\":\"search_term_string\"}}],\"inLanguage\":\"en-US\"},{\"@type\":\"Organization\",\"@id\":\"https:\\\/\\\/maniglobalindustries.ch\\\/#organization\",\"name\":\"MANI Global Industries GmbH\",\"url\":\"https:\\\/\\\/maniglobalindustries.ch\\\/\",\"logo\":{\"@type\":\"ImageObject\",\"inLanguage\":\"en-US\",\"@id\":\"https:\\\/\\\/maniglobalindustries.ch\\\/#\\\/schema\\\/logo\\\/image\\\/\",\"url\":\"https:\\\/\\\/maniglobalindustries.ch\\\/wp-content\\\/uploads\\\/Logo_MGI_dark.svg\",\"contentUrl\":\"https:\\\/\\\/maniglobalindustries.ch\\\/wp-content\\\/uploads\\\/Logo_MGI_dark.svg\",\"width\":566,\"height\":566,\"caption\":\"MANI Global Industries GmbH\"},\"image\":{\"@id\":\"https:\\\/\\\/maniglobalindustries.ch\\\/#\\\/schema\\\/logo\\\/image\\\/\"}}]}<\/script>\n<!-- \/ Yoast SEO plugin. -->","yoast_head_json":{"title":"Wieso wir | MANI Global Industries GmbH","description":"Wieso wir \u2022 Die offizielle Webseite von MANI Global Industries GmbH. Globales Netzwerk an Lieferanten f\u00fcr Ihr Beschaffungsprojekt.","robots":{"index":"index","follow":"follow","max-snippet":"max-snippet:-1","max-image-preview":"max-image-preview:large","max-video-preview":"max-video-preview:-1"},"canonical":"https:\/\/maniglobalindustries.ch\/en\/wieso-wir\/","og_locale":"en_US","og_type":"article","og_title":"Wieso wir | MANI Global Industries GmbH","og_description":"Wieso wir \u2022 Die offizielle Webseite von MANI Global Industries GmbH. Globales Netzwerk an Lieferanten f\u00fcr Ihr Beschaffungsprojekt.","og_url":"https:\/\/maniglobalindustries.ch\/en\/wieso-wir\/","og_site_name":"MANI Global Industries GmbH","article_modified_time":"2024-01-15T07:53:23+00:00","twitter_card":"summary_large_image","twitter_misc":{"Est. reading time":"2 minutes"},"schema":{"@context":"https:\/\/schema.org","@graph":[{"@type":"WebPage","@id":"https:\/\/maniglobalindustries.ch\/wieso-wir\/","url":"https:\/\/maniglobalindustries.ch\/wieso-wir\/","name":"Wieso wir | MANI Global Industries GmbH","isPartOf":{"@id":"https:\/\/maniglobalindustries.ch\/#website"},"primaryImageOfPage":{"@id":"https:\/\/maniglobalindustries.ch\/wieso-wir\/#primaryimage"},"image":{"@id":"https:\/\/maniglobalindustries.ch\/wieso-wir\/#primaryimage"},"thumbnailUrl":"https:\/\/maniglobalindustries.ch\/wp-content\/uploads\/Logo_MGI_dark.svg","datePublished":"2024-01-01T08:00:01+00:00","dateModified":"2024-01-15T07:53:23+00:00","description":"Wieso wir \u2022 Die offizielle Webseite von MANI Global Industries GmbH. Globales Netzwerk an Lieferanten f\u00fcr Ihr Beschaffungsprojekt.","breadcrumb":{"@id":"https:\/\/maniglobalindustries.ch\/wieso-wir\/#breadcrumb"},"inLanguage":"en-US","potentialAction":[{"@type":"ReadAction","target":["https:\/\/maniglobalindustries.ch\/wieso-wir\/"]}]},{"@type":"ImageObject","inLanguage":"en-US","@id":"https:\/\/maniglobalindustries.ch\/wieso-wir\/#primaryimage","url":"https:\/\/maniglobalindustries.ch\/wp-content\/uploads\/Logo_MGI_dark.svg","contentUrl":"https:\/\/maniglobalindustries.ch\/wp-content\/uploads\/Logo_MGI_dark.svg","width":566,"height":566,"caption":"Logo MANI Global Industries GmbH"},{"@type":"BreadcrumbList","@id":"https:\/\/maniglobalindustries.ch\/wieso-wir\/#breadcrumb","itemListElement":[{"@type":"ListItem","position":1,"name":"Startseite","item":"https:\/\/maniglobalindustries.ch\/"},{"@type":"ListItem","position":2,"name":"Wieso wir"}]},{"@type":"WebSite","@id":"https:\/\/maniglobalindustries.ch\/#website","url":"https:\/\/maniglobalindustries.ch\/","name":"MANI Global Industries GmbH","description":"Das Netzwerk f\u00fcr Beschaffungsprojekte","publisher":{"@id":"https:\/\/maniglobalindustries.ch\/#organization"},"potentialAction":[{"@type":"SearchAction","target":{"@type":"EntryPoint","urlTemplate":"https:\/\/maniglobalindustries.ch\/?s={search_term_string}"},"query-input":{"@type":"PropertyValueSpecification","valueRequired":true,"valueName":"search_term_string"}}],"inLanguage":"en-US"},{"@type":"Organization","@id":"https:\/\/maniglobalindustries.ch\/#organization","name":"MANI Global Industries GmbH","url":"https:\/\/maniglobalindustries.ch\/","logo":{"@type":"ImageObject","inLanguage":"en-US","@id":"https:\/\/maniglobalindustries.ch\/#\/schema\/logo\/image\/","url":"https:\/\/maniglobalindustries.ch\/wp-content\/uploads\/Logo_MGI_dark.svg","contentUrl":"https:\/\/maniglobalindustries.ch\/wp-content\/uploads\/Logo_MGI_dark.svg","width":566,"height":566,"caption":"MANI Global Industries GmbH"},"image":{"@id":"https:\/\/maniglobalindustries.ch\/#\/schema\/logo\/image\/"}}]}},"_links":{"self":[{"href":"https:\/\/maniglobalindustries.ch\/en\/wp-json\/wp\/v2\/pages\/2014","targetHints":{"allow":["GET"]}}],"collection":[{"href":"https:\/\/maniglobalindustries.ch\/en\/wp-json\/wp\/v2\/pages"}],"about":[{"href":"https:\/\/maniglobalindustries.ch\/en\/wp-json\/wp\/v2\/types\/page"}],"author":[{"embeddable":true,"href":"https:\/\/maniglobalindustries.ch\/en\/wp-json\/wp\/v2\/users\/1"}],"replies":[{"embeddable":true,"href":"https:\/\/maniglobalindustries.ch\/en\/wp-json\/wp\/v2\/comments?post=2014"}],"version-history":[{"count":127,"href":"https:\/\/maniglobalindustries.ch\/en\/wp-json\/wp\/v2\/pages\/2014\/revisions"}],"predecessor-version":[{"id":3270,"href":"https:\/\/maniglobalindustries.ch\/en\/wp-json\/wp\/v2\/pages\/2014\/revisions\/3270"}],"wp:featuredmedia":[{"embeddable":true,"href":"https:\/\/maniglobalindustries.ch\/en\/wp-json\/wp\/v2\/media\/1129"}],"wp:attachment":[{"href":"https:\/\/maniglobalindustries.ch\/en\/wp-json\/wp\/v2\/media?parent=2014"}],"curies":[{"name":"wp","href":"https:\/\/api.w.org\/{rel}","templated":true}]}}