{"id":3348,"date":"2024-02-26T08:50:30","date_gmt":"2024-02-26T07:50:30","guid":{"rendered":"https:\/\/maniglobalindustries.ch\/?page_id=3348"},"modified":"2024-02-26T21:25:12","modified_gmt":"2024-02-26T20:25:12","slug":"serviceleistungen","status":"publish","type":"page","link":"https:\/\/maniglobalindustries.ch\/en\/serviceleistungen\/","title":{"rendered":"Services"},"content":{"rendered":"\t\t<div data-elementor-type=\"wp-page\" data-elementor-id=\"3348\" class=\"elementor elementor-3348\" data-elementor-post-type=\"page\">\n\t\t\t\t<div class=\"elementor-element elementor-element-adb3f04 e-con-full e-flex e-con e-parent\" data-id=\"adb3f04\" data-element_type=\"container\" data-e-type=\"container\">\n\t\t<div class=\"elementor-element elementor-element-b4a2156 e-con-full e-flex e-con e-child\" data-id=\"b4a2156\" data-element_type=\"container\" data-e-type=\"container\">\n\t\t<div class=\"elementor-element elementor-element-73a8ccd e-flex e-con-boxed e-con e-child\" data-id=\"73a8ccd\" data-element_type=\"container\" data-e-type=\"container\" data-settings=\"{&quot;background_background&quot;:&quot;classic&quot;,&quot;shape_divider_bottom&quot;:&quot;tilt&quot;}\">\n\t\t\t\t\t<div class=\"e-con-inner\">\n\t\t\t\t<div class=\"elementor-shape elementor-shape-bottom\" aria-hidden=\"true\" data-negative=\"false\">\n\t\t\t<svg xmlns=\"http:\/\/www.w3.org\/2000\/svg\" viewBox=\"0 0 1000 100\" preserveAspectRatio=\"none\">\n\t<path class=\"elementor-shape-fill\" d=\"M0,6V0h1000v100L0,6z\"\/>\n<\/svg>\t\t<\/div>\n\t\t<div class=\"elementor-element elementor-element-762dcf6 e-flex e-con-boxed e-con e-child\" data-id=\"762dcf6\" data-element_type=\"container\" data-e-type=\"container\" data-settings=\"{&quot;motion_fx_motion_fx_scrolling&quot;:&quot;yes&quot;,&quot;motion_fx_translateY_effect&quot;:&quot;yes&quot;,&quot;motion_fx_translateY_speed&quot;:{&quot;unit&quot;:&quot;px&quot;,&quot;size&quot;:0.5,&quot;sizes&quot;:[]},&quot;motion_fx_translateY_affectedRange&quot;:{&quot;unit&quot;:&quot;%&quot;,&quot;size&quot;:&quot;&quot;,&quot;sizes&quot;:{&quot;start&quot;:0,&quot;end&quot;:100}},&quot;motion_fx_devices&quot;:[&quot;widescreen&quot;,&quot;desktop&quot;,&quot;tablet_extra&quot;,&quot;tablet&quot;,&quot;mobile&quot;]}\">\n\t\t\t\t\t<div class=\"e-con-inner\">\n\t\t\t\t<div class=\"elementor-element elementor-element-4feaf29 elementor-invisible elementor-widget elementor-widget-image\" data-id=\"4feaf29\" data-element_type=\"widget\" data-e-type=\"widget\" data-settings=\"{&quot;_animation&quot;:&quot;fadeInUp&quot;}\" data-widget_type=\"image.default\">\n\t\t\t\t<div class=\"elementor-widget-container\">\n\t\t\t\t\t\t\t\t\t\t\t\t\t\t\t<img decoding=\"async\" width=\"373\" height=\"54\" src=\"https:\/\/maniglobalindustries.ch\/wp-content\/uploads\/MGI_BAR_RED_RGB.svg\" class=\"attachment-full size-full wp-image-1986\" alt=\"MGI Red Bar\" \/>\t\t\t\t\t\t\t\t\t\t\t\t\t\t\t<\/div>\n\t\t\t\t<\/div>\n\t\t\t\t<div class=\"elementor-element elementor-element-11f4f85 elementor-invisible elementor-widget elementor-widget-heading\" data-id=\"11f4f85\" data-element_type=\"widget\" data-e-type=\"widget\" data-settings=\"{&quot;_animation&quot;:&quot;fadeInUp&quot;}\" data-widget_type=\"heading.default\">\n\t\t\t\t<div class=\"elementor-widget-container\">\n\t\t\t\t\t<h2 class=\"elementor-heading-title elementor-size-default\">MANI Global Industries GmbH<\/h2>\t\t\t\t<\/div>\n\t\t\t\t<\/div>\n\t\t\t\t<div class=\"elementor-element elementor-element-9338239 elementor-invisible elementor-widget elementor-widget-heading\" data-id=\"9338239\" data-element_type=\"widget\" data-e-type=\"widget\" data-settings=\"{&quot;_animation&quot;:&quot;fadeInDown&quot;}\" data-widget_type=\"heading.default\">\n\t\t\t\t<div class=\"elementor-widget-container\">\n\t\t\t\t\t<h1 class=\"elementor-heading-title elementor-size-default\">Serviceleistungen<\/h1>\t\t\t\t<\/div>\n\t\t\t\t<\/div>\n\t\t\t\t\t<\/div>\n\t\t\t\t<\/div>\n\t\t\t\t\t<\/div>\n\t\t\t\t<\/div>\n\t\t<div class=\"elementor-element elementor-element-6ba1e3d e-flex e-con-boxed e-con e-child\" data-id=\"6ba1e3d\" data-element_type=\"container\" data-e-type=\"container\" data-settings=\"{&quot;background_background&quot;:&quot;classic&quot;}\">\n\t\t\t\t\t<div class=\"e-con-inner\">\n\t\t<div class=\"elementor-element elementor-element-9901b8c e-flex e-con-boxed e-con e-child\" data-id=\"9901b8c\" data-element_type=\"container\" data-e-type=\"container\" data-settings=\"{&quot;motion_fx_motion_fx_scrolling&quot;:&quot;yes&quot;,&quot;motion_fx_translateY_effect&quot;:&quot;yes&quot;,&quot;motion_fx_translateY_speed&quot;:{&quot;unit&quot;:&quot;px&quot;,&quot;size&quot;:0.5,&quot;sizes&quot;:[]},&quot;motion_fx_translateY_affectedRange&quot;:{&quot;unit&quot;:&quot;%&quot;,&quot;size&quot;:&quot;&quot;,&quot;sizes&quot;:{&quot;start&quot;:0,&quot;end&quot;:100}},&quot;motion_fx_devices&quot;:[&quot;widescreen&quot;,&quot;desktop&quot;,&quot;tablet_extra&quot;,&quot;tablet&quot;,&quot;mobile&quot;]}\">\n\t\t\t\t\t<div class=\"e-con-inner\">\n\t\t\t\t<div class=\"elementor-element elementor-element-79cb711 elementor-widget elementor-widget-text-editor\" data-id=\"79cb711\" data-element_type=\"widget\" data-e-type=\"widget\" data-widget_type=\"text-editor.default\">\n\t\t\t\t<div class=\"elementor-widget-container\">\n\t\t\t\t\t\t\t\t\t<p>Ersatzteile und Service.\u00a0<\/p>\t\t\t\t\t\t\t\t<\/div>\n\t\t\t\t<\/div>\n\t\t\t\t<div class=\"elementor-element elementor-element-29a9eb9 elementor-invisible elementor-widget elementor-widget-text-editor\" data-id=\"29a9eb9\" data-element_type=\"widget\" data-e-type=\"widget\" data-settings=\"{&quot;_animation&quot;:&quot;fadeIn&quot;,&quot;_animation_delay&quot;:600}\" data-widget_type=\"text-editor.default\">\n\t\t\t\t<div class=\"elementor-widget-container\">\n\t\t\t\t\t\t\t\t\t<p>Unser Wartungs- und Ersatzteilgesch\u00e4ft: Schnell, zuverl\u00e4ssig, professionell.<\/p>\t\t\t\t\t\t\t\t<\/div>\n\t\t\t\t<\/div>\n\t\t\t\t<div class=\"elementor-element elementor-element-ef512c6 elementor-position-inline-start elementor-mobile-position-inline-start elementor-view-default elementor-invisible elementor-widget elementor-widget-icon-box\" data-id=\"ef512c6\" data-element_type=\"widget\" data-e-type=\"widget\" data-settings=\"{&quot;_animation&quot;:&quot;fadeInUp&quot;,&quot;_animation_delay&quot;:200}\" data-widget_type=\"icon-box.default\">\n\t\t\t\t<div class=\"elementor-widget-container\">\n\t\t\t\t\t\t\t<div class=\"elementor-icon-box-wrapper\">\n\n\t\t\t\t\t\t<div class=\"elementor-icon-box-icon\">\n\t\t\t\t<span  class=\"elementor-icon\">\n\t\t\t\t<svg aria-hidden=\"true\" class=\"e-font-icon-svg e-fas-chevron-circle-right\" viewBox=\"0 0 512 512\" xmlns=\"http:\/\/www.w3.org\/2000\/svg\"><path d=\"M256 8c137 0 248 111 248 248S393 504 256 504 8 393 8 256 119 8 256 8zm113.9 231L234.4 103.5c-9.4-9.4-24.6-9.4-33.9 0l-17 17c-9.4 9.4-9.4 24.6 0 33.9L285.1 256 183.5 357.6c-9.4 9.4-9.4 24.6 0 33.9l17 17c9.4 9.4 24.6 9.4 33.9 0L369.9 273c9.4-9.4 9.4-24.6 0-34z\"><\/path><\/svg>\t\t\t\t<\/span>\n\t\t\t<\/div>\n\t\t\t\n\t\t\t\t\t\t<div class=\"elementor-icon-box-content\">\n\n\t\t\t\t\t\t\t\t\t<h3 class=\"elementor-icon-box-title\">\n\t\t\t\t\t\t<span  >\n\t\t\t\t\t\t\tErsatzteile\t\t\t\t\t\t<\/span>\n\t\t\t\t\t<\/h3>\n\t\t\t\t\n\t\t\t\t\n\t\t\t<\/div>\n\t\t\t\n\t\t<\/div>\n\t\t\t\t\t\t<\/div>\n\t\t\t\t<\/div>\n\t\t\t\t<div class=\"elementor-element elementor-element-f0f2fec elementor-position-inline-start elementor-mobile-position-inline-start elementor-view-default elementor-invisible elementor-widget elementor-widget-icon-box\" data-id=\"f0f2fec\" data-element_type=\"widget\" data-e-type=\"widget\" data-settings=\"{&quot;_animation&quot;:&quot;fadeInUp&quot;,&quot;_animation_delay&quot;:200}\" data-widget_type=\"icon-box.default\">\n\t\t\t\t<div class=\"elementor-widget-container\">\n\t\t\t\t\t\t\t<div class=\"elementor-icon-box-wrapper\">\n\n\t\t\t\t\t\t<div class=\"elementor-icon-box-icon\">\n\t\t\t\t<span  class=\"elementor-icon\">\n\t\t\t\t<svg aria-hidden=\"true\" class=\"e-font-icon-svg e-fas-chevron-circle-right\" viewBox=\"0 0 512 512\" xmlns=\"http:\/\/www.w3.org\/2000\/svg\"><path d=\"M256 8c137 0 248 111 248 248S393 504 256 504 8 393 8 256 119 8 256 8zm113.9 231L234.4 103.5c-9.4-9.4-24.6-9.4-33.9 0l-17 17c-9.4 9.4-9.4 24.6 0 33.9L285.1 256 183.5 357.6c-9.4 9.4-9.4 24.6 0 33.9l17 17c9.4 9.4 24.6 9.4 33.9 0L369.9 273c9.4-9.4 9.4-24.6 0-34z\"><\/path><\/svg>\t\t\t\t<\/span>\n\t\t\t<\/div>\n\t\t\t\n\t\t\t\t\t\t<div class=\"elementor-icon-box-content\">\n\n\t\t\t\t\t\t\t\t\t<h3 class=\"elementor-icon-box-title\">\n\t\t\t\t\t\t<span  >\n\t\t\t\t\t\t\tWartungen\t\t\t\t\t\t<\/span>\n\t\t\t\t\t<\/h3>\n\t\t\t\t\n\t\t\t\t\n\t\t\t<\/div>\n\t\t\t\n\t\t<\/div>\n\t\t\t\t\t\t<\/div>\n\t\t\t\t<\/div>\n\t\t\t\t<div class=\"elementor-element elementor-element-3ed9504 elementor-position-inline-start elementor-mobile-position-inline-start elementor-view-default elementor-invisible elementor-widget elementor-widget-icon-box\" data-id=\"3ed9504\" data-element_type=\"widget\" data-e-type=\"widget\" data-settings=\"{&quot;_animation&quot;:&quot;fadeInUp&quot;,&quot;_animation_delay&quot;:400}\" data-widget_type=\"icon-box.default\">\n\t\t\t\t<div class=\"elementor-widget-container\">\n\t\t\t\t\t\t\t<div class=\"elementor-icon-box-wrapper\">\n\n\t\t\t\t\t\t<div class=\"elementor-icon-box-icon\">\n\t\t\t\t<span  class=\"elementor-icon\">\n\t\t\t\t<svg aria-hidden=\"true\" class=\"e-font-icon-svg e-fas-chevron-circle-right\" viewBox=\"0 0 512 512\" xmlns=\"http:\/\/www.w3.org\/2000\/svg\"><path d=\"M256 8c137 0 248 111 248 248S393 504 256 504 8 393 8 256 119 8 256 8zm113.9 231L234.4 103.5c-9.4-9.4-24.6-9.4-33.9 0l-17 17c-9.4 9.4-9.4 24.6 0 33.9L285.1 256 183.5 357.6c-9.4 9.4-9.4 24.6 0 33.9l17 17c9.4 9.4 24.6 9.4 33.9 0L369.9 273c9.4-9.4 9.4-24.6 0-34z\"><\/path><\/svg>\t\t\t\t<\/span>\n\t\t\t<\/div>\n\t\t\t\n\t\t\t\t\t\t<div class=\"elementor-icon-box-content\">\n\n\t\t\t\t\t\t\t\t\t<h3 class=\"elementor-icon-box-title\">\n\t\t\t\t\t\t<span  >\n\t\t\t\t\t\t\tMontage\t\t\t\t\t\t<\/span>\n\t\t\t\t\t<\/h3>\n\t\t\t\t\n\t\t\t\t\n\t\t\t<\/div>\n\t\t\t\n\t\t<\/div>\n\t\t\t\t\t\t<\/div>\n\t\t\t\t<\/div>\n\t\t\t\t<div class=\"elementor-element elementor-element-5d871f1 elementor-invisible elementor-widget elementor-widget-text-editor\" data-id=\"5d871f1\" data-element_type=\"widget\" data-e-type=\"widget\" data-settings=\"{&quot;_animation&quot;:&quot;fadeIn&quot;,&quot;_animation_delay&quot;:600}\" data-widget_type=\"text-editor.default\">\n\t\t\t\t<div class=\"elementor-widget-container\">\n\t\t\t\t\t\t\t\t\t<p>Wir kennen uns im Wartungs- und Ersatzteilgesch\u00e4ft aus und wissen, wie Anlagen und Maschinen effizient und kosteng\u00fcnstig gewartet werden. Wir \u00fcbernehmen f\u00fcr Ihr Unternehmen das Service- und Ersatzteilmanagement f\u00fcr Ihre Werkzeugmaschinen und unterst\u00fctzten Sie bei der Beschaffung von Ersatzteilen und Verbrauchsmaterialien. Bei uns erhalten Sie alles aus einer Hand durch erfahrene Fachpersonen im Montage- und Servicebereich sowie unseren langj\u00e4hrigen Fertigungs- und OEM Partnern f\u00fcr Ersatz- und Verschleissteile.<\/p>\t\t\t\t\t\t\t\t<\/div>\n\t\t\t\t<\/div>\n\t\t\t\t\t<\/div>\n\t\t\t\t<\/div>\n\t\t<div class=\"elementor-element elementor-element-096ebcd e-flex e-con-boxed elementor-invisible e-con e-child\" data-id=\"096ebcd\" data-element_type=\"container\" data-e-type=\"container\" data-settings=\"{&quot;motion_fx_motion_fx_scrolling&quot;:&quot;yes&quot;,&quot;motion_fx_translateY_effect&quot;:&quot;yes&quot;,&quot;motion_fx_translateY_speed&quot;:{&quot;unit&quot;:&quot;px&quot;,&quot;size&quot;:0.5,&quot;sizes&quot;:[]},&quot;animation&quot;:&quot;fadeIn&quot;,&quot;animation_delay&quot;:400,&quot;motion_fx_translateY_affectedRange&quot;:{&quot;unit&quot;:&quot;%&quot;,&quot;size&quot;:&quot;&quot;,&quot;sizes&quot;:{&quot;start&quot;:0,&quot;end&quot;:100}},&quot;motion_fx_devices&quot;:[&quot;widescreen&quot;,&quot;desktop&quot;,&quot;tablet_extra&quot;,&quot;tablet&quot;,&quot;mobile&quot;]}\">\n\t\t\t\t\t<div class=\"e-con-inner\">\n\t\t\t\t\t<\/div>\n\t\t\t\t<\/div>\n\t\t\t\t\t<\/div>\n\t\t\t\t<\/div>\n\t\t\t\t<\/div>\n\t\t\t\t<\/div>\n\t\t\t\t<\/div>\n\t\t","protected":false},"excerpt":{"rendered":"<p>MANI Global Industries GmbH Serviceleistungen Ersatzteile und Service.\u00a0 Unser Wartungs- und Ersatzteilgesch\u00e4ft: Schnell, zuverl\u00e4ssig, professionell. Ersatzteile Wartungen Montage Wir kennen uns im Wartungs- und Ersatzteilgesch\u00e4ft aus und wissen, wie Anlagen und Maschinen effizient und kosteng\u00fcnstig gewartet werden. Wir \u00fcbernehmen f\u00fcr Ihr Unternehmen das Service- und Ersatzteilmanagement f\u00fcr Ihre Werkzeugmaschinen und unterst\u00fctzten Sie bei der Beschaffung [&hellip;]<\/p>\n","protected":false},"author":1,"featured_media":1129,"parent":0,"menu_order":0,"comment_status":"closed","ping_status":"closed","template":"","meta":{"footnotes":""},"class_list":["post-3348","page","type-page","status-publish","has-post-thumbnail","hentry"],"yoast_head":"<!-- This site is optimized with the Yoast SEO plugin v27.4 - https:\/\/yoast.com\/product\/yoast-seo-wordpress\/ -->\n<title>Serviceleistungen | MANI Global Industries GmbH<\/title>\n<meta name=\"description\" content=\"Serviceleistungen \u2022 Die offizielle Webseite von MANI Global Industries GmbH. Globales Netzwerk an Lieferanten f\u00fcr Ihr Beschaffungsprojekt.\" \/>\n<meta name=\"robots\" content=\"index, follow, max-snippet:-1, max-image-preview:large, max-video-preview:-1\" \/>\n<link rel=\"canonical\" href=\"https:\/\/maniglobalindustries.ch\/en\/serviceleistungen\/\" \/>\n<meta property=\"og:locale\" content=\"en_US\" \/>\n<meta property=\"og:type\" content=\"article\" \/>\n<meta property=\"og:title\" content=\"Serviceleistungen | MANI Global Industries GmbH\" \/>\n<meta property=\"og:description\" content=\"Serviceleistungen \u2022 Die offizielle Webseite von MANI Global Industries GmbH. Globales Netzwerk an Lieferanten f\u00fcr Ihr Beschaffungsprojekt.\" \/>\n<meta property=\"og:url\" content=\"https:\/\/maniglobalindustries.ch\/en\/serviceleistungen\/\" \/>\n<meta property=\"og:site_name\" content=\"MANI Global Industries GmbH\" \/>\n<meta property=\"article:modified_time\" content=\"2024-02-26T20:25:12+00:00\" \/>\n<meta name=\"twitter:card\" content=\"summary_large_image\" \/>\n<meta name=\"twitter:label1\" content=\"Est. reading time\" \/>\n\t<meta name=\"twitter:data1\" content=\"1 minute\" \/>\n<script type=\"application\/ld+json\" class=\"yoast-schema-graph\">{\"@context\":\"https:\\\/\\\/schema.org\",\"@graph\":[{\"@type\":[\"WebPage\",\"AboutPage\"],\"@id\":\"https:\\\/\\\/maniglobalindustries.ch\\\/serviceleistungen\\\/\",\"url\":\"https:\\\/\\\/maniglobalindustries.ch\\\/serviceleistungen\\\/\",\"name\":\"Serviceleistungen | MANI Global Industries GmbH\",\"isPartOf\":{\"@id\":\"https:\\\/\\\/maniglobalindustries.ch\\\/#website\"},\"primaryImageOfPage\":{\"@id\":\"https:\\\/\\\/maniglobalindustries.ch\\\/serviceleistungen\\\/#primaryimage\"},\"image\":{\"@id\":\"https:\\\/\\\/maniglobalindustries.ch\\\/serviceleistungen\\\/#primaryimage\"},\"thumbnailUrl\":\"https:\\\/\\\/maniglobalindustries.ch\\\/wp-content\\\/uploads\\\/Logo_MGI_dark.svg\",\"datePublished\":\"2024-02-26T07:50:30+00:00\",\"dateModified\":\"2024-02-26T20:25:12+00:00\",\"description\":\"Serviceleistungen \u2022 Die offizielle Webseite von MANI Global Industries GmbH. Globales Netzwerk an Lieferanten f\u00fcr Ihr Beschaffungsprojekt.\",\"breadcrumb\":{\"@id\":\"https:\\\/\\\/maniglobalindustries.ch\\\/serviceleistungen\\\/#breadcrumb\"},\"inLanguage\":\"en-US\",\"potentialAction\":[{\"@type\":\"ReadAction\",\"target\":[\"https:\\\/\\\/maniglobalindustries.ch\\\/serviceleistungen\\\/\"]}]},{\"@type\":\"ImageObject\",\"inLanguage\":\"en-US\",\"@id\":\"https:\\\/\\\/maniglobalindustries.ch\\\/serviceleistungen\\\/#primaryimage\",\"url\":\"https:\\\/\\\/maniglobalindustries.ch\\\/wp-content\\\/uploads\\\/Logo_MGI_dark.svg\",\"contentUrl\":\"https:\\\/\\\/maniglobalindustries.ch\\\/wp-content\\\/uploads\\\/Logo_MGI_dark.svg\",\"width\":566,\"height\":566,\"caption\":\"Logo MANI Global Industries GmbH\"},{\"@type\":\"BreadcrumbList\",\"@id\":\"https:\\\/\\\/maniglobalindustries.ch\\\/serviceleistungen\\\/#breadcrumb\",\"itemListElement\":[{\"@type\":\"ListItem\",\"position\":1,\"name\":\"Startseite\",\"item\":\"https:\\\/\\\/maniglobalindustries.ch\\\/\"},{\"@type\":\"ListItem\",\"position\":2,\"name\":\"Serviceleistungen\"}]},{\"@type\":\"WebSite\",\"@id\":\"https:\\\/\\\/maniglobalindustries.ch\\\/#website\",\"url\":\"https:\\\/\\\/maniglobalindustries.ch\\\/\",\"name\":\"MANI Global Industries GmbH\",\"description\":\"Das Netzwerk f\u00fcr Beschaffungsprojekte\",\"publisher\":{\"@id\":\"https:\\\/\\\/maniglobalindustries.ch\\\/#organization\"},\"potentialAction\":[{\"@type\":\"SearchAction\",\"target\":{\"@type\":\"EntryPoint\",\"urlTemplate\":\"https:\\\/\\\/maniglobalindustries.ch\\\/?s={search_term_string}\"},\"query-input\":{\"@type\":\"PropertyValueSpecification\",\"valueRequired\":true,\"valueName\":\"search_term_string\"}}],\"inLanguage\":\"en-US\"},{\"@type\":\"Organization\",\"@id\":\"https:\\\/\\\/maniglobalindustries.ch\\\/#organization\",\"name\":\"MANI Global Industries GmbH\",\"url\":\"https:\\\/\\\/maniglobalindustries.ch\\\/\",\"logo\":{\"@type\":\"ImageObject\",\"inLanguage\":\"en-US\",\"@id\":\"https:\\\/\\\/maniglobalindustries.ch\\\/#\\\/schema\\\/logo\\\/image\\\/\",\"url\":\"https:\\\/\\\/maniglobalindustries.ch\\\/wp-content\\\/uploads\\\/Logo_MGI_dark.svg\",\"contentUrl\":\"https:\\\/\\\/maniglobalindustries.ch\\\/wp-content\\\/uploads\\\/Logo_MGI_dark.svg\",\"width\":566,\"height\":566,\"caption\":\"MANI Global Industries GmbH\"},\"image\":{\"@id\":\"https:\\\/\\\/maniglobalindustries.ch\\\/#\\\/schema\\\/logo\\\/image\\\/\"}}]}<\/script>\n<!-- \/ Yoast SEO plugin. -->","yoast_head_json":{"title":"Serviceleistungen | MANI Global Industries GmbH","description":"Serviceleistungen \u2022 Die offizielle Webseite von MANI Global Industries GmbH. Globales Netzwerk an Lieferanten f\u00fcr Ihr Beschaffungsprojekt.","robots":{"index":"index","follow":"follow","max-snippet":"max-snippet:-1","max-image-preview":"max-image-preview:large","max-video-preview":"max-video-preview:-1"},"canonical":"https:\/\/maniglobalindustries.ch\/en\/serviceleistungen\/","og_locale":"en_US","og_type":"article","og_title":"Serviceleistungen | MANI Global Industries GmbH","og_description":"Serviceleistungen \u2022 Die offizielle Webseite von MANI Global Industries GmbH. Globales Netzwerk an Lieferanten f\u00fcr Ihr Beschaffungsprojekt.","og_url":"https:\/\/maniglobalindustries.ch\/en\/serviceleistungen\/","og_site_name":"MANI Global Industries GmbH","article_modified_time":"2024-02-26T20:25:12+00:00","twitter_card":"summary_large_image","twitter_misc":{"Est. reading time":"1 minute"},"schema":{"@context":"https:\/\/schema.org","@graph":[{"@type":["WebPage","AboutPage"],"@id":"https:\/\/maniglobalindustries.ch\/serviceleistungen\/","url":"https:\/\/maniglobalindustries.ch\/serviceleistungen\/","name":"Serviceleistungen | MANI Global Industries GmbH","isPartOf":{"@id":"https:\/\/maniglobalindustries.ch\/#website"},"primaryImageOfPage":{"@id":"https:\/\/maniglobalindustries.ch\/serviceleistungen\/#primaryimage"},"image":{"@id":"https:\/\/maniglobalindustries.ch\/serviceleistungen\/#primaryimage"},"thumbnailUrl":"https:\/\/maniglobalindustries.ch\/wp-content\/uploads\/Logo_MGI_dark.svg","datePublished":"2024-02-26T07:50:30+00:00","dateModified":"2024-02-26T20:25:12+00:00","description":"Serviceleistungen \u2022 Die offizielle Webseite von MANI Global Industries GmbH. Globales Netzwerk an Lieferanten f\u00fcr Ihr Beschaffungsprojekt.","breadcrumb":{"@id":"https:\/\/maniglobalindustries.ch\/serviceleistungen\/#breadcrumb"},"inLanguage":"en-US","potentialAction":[{"@type":"ReadAction","target":["https:\/\/maniglobalindustries.ch\/serviceleistungen\/"]}]},{"@type":"ImageObject","inLanguage":"en-US","@id":"https:\/\/maniglobalindustries.ch\/serviceleistungen\/#primaryimage","url":"https:\/\/maniglobalindustries.ch\/wp-content\/uploads\/Logo_MGI_dark.svg","contentUrl":"https:\/\/maniglobalindustries.ch\/wp-content\/uploads\/Logo_MGI_dark.svg","width":566,"height":566,"caption":"Logo MANI Global Industries GmbH"},{"@type":"BreadcrumbList","@id":"https:\/\/maniglobalindustries.ch\/serviceleistungen\/#breadcrumb","itemListElement":[{"@type":"ListItem","position":1,"name":"Startseite","item":"https:\/\/maniglobalindustries.ch\/"},{"@type":"ListItem","position":2,"name":"Serviceleistungen"}]},{"@type":"WebSite","@id":"https:\/\/maniglobalindustries.ch\/#website","url":"https:\/\/maniglobalindustries.ch\/","name":"MANI Global Industries GmbH","description":"Das Netzwerk f\u00fcr Beschaffungsprojekte","publisher":{"@id":"https:\/\/maniglobalindustries.ch\/#organization"},"potentialAction":[{"@type":"SearchAction","target":{"@type":"EntryPoint","urlTemplate":"https:\/\/maniglobalindustries.ch\/?s={search_term_string}"},"query-input":{"@type":"PropertyValueSpecification","valueRequired":true,"valueName":"search_term_string"}}],"inLanguage":"en-US"},{"@type":"Organization","@id":"https:\/\/maniglobalindustries.ch\/#organization","name":"MANI Global Industries GmbH","url":"https:\/\/maniglobalindustries.ch\/","logo":{"@type":"ImageObject","inLanguage":"en-US","@id":"https:\/\/maniglobalindustries.ch\/#\/schema\/logo\/image\/","url":"https:\/\/maniglobalindustries.ch\/wp-content\/uploads\/Logo_MGI_dark.svg","contentUrl":"https:\/\/maniglobalindustries.ch\/wp-content\/uploads\/Logo_MGI_dark.svg","width":566,"height":566,"caption":"MANI Global Industries GmbH"},"image":{"@id":"https:\/\/maniglobalindustries.ch\/#\/schema\/logo\/image\/"}}]}},"_links":{"self":[{"href":"https:\/\/maniglobalindustries.ch\/en\/wp-json\/wp\/v2\/pages\/3348","targetHints":{"allow":["GET"]}}],"collection":[{"href":"https:\/\/maniglobalindustries.ch\/en\/wp-json\/wp\/v2\/pages"}],"about":[{"href":"https:\/\/maniglobalindustries.ch\/en\/wp-json\/wp\/v2\/types\/page"}],"author":[{"embeddable":true,"href":"https:\/\/maniglobalindustries.ch\/en\/wp-json\/wp\/v2\/users\/1"}],"replies":[{"embeddable":true,"href":"https:\/\/maniglobalindustries.ch\/en\/wp-json\/wp\/v2\/comments?post=3348"}],"version-history":[{"count":10,"href":"https:\/\/maniglobalindustries.ch\/en\/wp-json\/wp\/v2\/pages\/3348\/revisions"}],"predecessor-version":[{"id":3365,"href":"https:\/\/maniglobalindustries.ch\/en\/wp-json\/wp\/v2\/pages\/3348\/revisions\/3365"}],"wp:featuredmedia":[{"embeddable":true,"href":"https:\/\/maniglobalindustries.ch\/en\/wp-json\/wp\/v2\/media\/1129"}],"wp:attachment":[{"href":"https:\/\/maniglobalindustries.ch\/en\/wp-json\/wp\/v2\/media?parent=3348"}],"curies":[{"name":"wp","href":"https:\/\/api.w.org\/{rel}","templated":true}]}}